{"id":258,"date":"2024-09-29T17:09:01","date_gmt":"2024-09-29T15:09:01","guid":{"rendered":"https:\/\/ecritsetdialogues.fr\/?page_id=258"},"modified":"2024-10-31T18:00:13","modified_gmt":"2024-10-31T17:00:13","slug":"mentions-legales","status":"publish","type":"page","link":"https:\/\/ecritsetdialogues.fr\/index.php\/mentions-legales\/","title":{"rendered":"Mentions l\u00e9gales"},"content":{"rendered":"<p>[et_pb_section fb_built=\u00a0\u00bb1&Prime; admin_label=\u00a0\u00bbHeader\u00a0\u00bb _builder_version=\u00a0\u00bb4.20.0&Prime; _module_preset=\u00a0\u00bbdefault\u00a0\u00bb hover_enabled=\u00a0\u00bb0&Prime; collapsed=\u00a0\u00bbon\u00a0\u00bb global_colors_info=\u00a0\u00bb{}\u00a0\u00bb sticky_enabled=\u00a0\u00bb0&Prime;][et_pb_row _builder_version=\u00a0\u00bb4.20.0&Prime; _module_preset=\u00a0\u00bbdefault\u00a0\u00bb global_colors_info=\u00a0\u00bb{}\u00a0\u00bb][et_pb_column type=\u00a0\u00bb4_4&Prime; _builder_version=\u00a0\u00bb4.20.0&Prime; _module_preset=\u00a0\u00bbdefault\u00a0\u00bb global_colors_info=\u00a0\u00bb{}\u00a0\u00bb][et_pb_text _builder_version=\u00a0\u00bb4.20.0&Prime; _module_preset=\u00a0\u00bbddd6132a-57c3-407f-adef-b3dcd016fd56&Prime; global_colors_info=\u00a0\u00bb{}\u00a0\u00bb]<\/p>\n<h1 style=\"text-align: center;\">MENTIONS L\u00c9GALES<\/h1>\n<p>[\/et_pb_text][\/et_pb_column][\/et_pb_row][et_pb_row _builder_version=\u00a0\u00bb4.20.0&Prime; _module_preset=\u00a0\u00bbdefault\u00a0\u00bb global_colors_info=\u00a0\u00bb{}\u00a0\u00bb][et_pb_column type=\u00a0\u00bb4_4&Prime; _builder_version=\u00a0\u00bb4.20.0&Prime; _module_preset=\u00a0\u00bbdefault\u00a0\u00bb global_colors_info=\u00a0\u00bb{}\u00a0\u00bb][et_pb_text _builder_version=\u00a0\u00bb4.20.0&Prime; _module_preset=\u00a0\u00bb83509130-b42e-4b1f-ad49-4f64159a2bef\u00a0\u00bb global_colors_info=\u00a0\u00bb{}\u00a0\u00bb]<\/p>\n<p><span style=\"font-weight: 400;\">Conform\u00e9ment aux dispositions de la loi n\u00b0 2004-575 du 21 juin 2004 pour la confiance en l&rsquo;\u00e9conomie num\u00e9rique, il est pr\u00e9cis\u00e9 aux utilisateurs du site \u00c9crits &amp; Dialogues l&rsquo;identit\u00e9 des diff\u00e9rents intervenants dans le cadre de sa r\u00e9alisation et de son suivi.<\/span><\/p>\n<p><b>Edition du site :<\/b><span style=\"font-size: 16px;\">\u00a0<\/span><\/p>\n<p><span style=\"font-weight: 400;\">Le pr\u00e9sent site, accessible \u00e0 l\u2019URL https:\/\/ecritsetdialogues.fr (le \u00ab site \u00bb), est \u00e9dit\u00e9 par :<\/span><\/p>\n<p><span style=\"font-weight: 400;\">L\u2019association \u00c9crits &amp; Dialogues, enregistr\u00e9e aupr\u00e8s de la pr\u00e9fecture\/sous-pr\u00e9fecture de 37 &#8211; Pr\u00e9fecture Tours sous le num\u00e9ro W372020129, ayant son si\u00e8ge situ\u00e9 \u00e0 5 rue des cordeliers 37000 Tours, repr\u00e9sent\u00e9e par Monsieur Jo\u00ebl HAFKIN d\u00fbment habilit\u00e9(e).<\/span><\/p>\n<p><b>H\u00e9bergement :<\/b><\/p>\n<p><span style=\"font-size: 16px;\">Le site est h\u00e9berg\u00e9 par la soci\u00e9t\u00e9 OVH, situ\u00e9 2 rue Kellermann &#8211; BP 80157 &#8211; 59053 Roubaix Cedex 1, (contact t\u00e9l\u00e9phonique ou email : 1007).<\/span><\/p>\n<p><b>Directeur de publication :<\/b><\/p>\n<p><span style=\"font-weight: 400;\">Le Directeur de la publication du site est Monsieur Jo\u00ebl HAFKIN.<\/span><\/p>\n<p><b>Nous contacter :<\/b><\/p>\n<p><span style=\"font-weight: 400;\">Par t\u00e9l\u00e9phone\u00a0: +33675415255<\/span><\/p>\n<p><span style=\"font-weight: 400;\">Par email\u00a0: info@boitealivres.com<\/span><\/p>\n<p><span style=\"font-weight: 400;\">Par courrier\u00a0: 19 rue Nationale 37000 Tours<\/span><\/p>\n<p><b>Donn\u00e9es personnelles :<\/b><\/p>\n<p><span style=\"font-weight: 400;\">Le traitement de vos donn\u00e9es \u00e0 caract\u00e8re personnel est r\u00e9gi par notre Charte du respect de la vie priv\u00e9e, disponible depuis la section \u00ab\u00a0Charte de Protection des Donn\u00e9es Personnelles\u00a0\u00bb, conform\u00e9ment au R\u00e8glement G\u00e9n\u00e9ral sur la Protection des Donn\u00e9es 2016\/679 du 27 avril 2016 (\u00abRGPD\u00bb).<\/span><\/p>\n<p>[\/et_pb_text][\/et_pb_column][\/et_pb_row][\/et_pb_section][et_pb_section fb_built=\u00a0\u00bb1&Prime; _builder_version=\u00a0\u00bb4.27.2&Prime; _module_preset=\u00a0\u00bbdefault\u00a0\u00bb global_colors_info=\u00a0\u00bb{}\u00a0\u00bb][et_pb_row _builder_version=\u00a0\u00bb4.27.2&Prime; _module_preset=\u00a0\u00bbdefault\u00a0\u00bb global_colors_info=\u00a0\u00bb{}\u00a0\u00bb][et_pb_column type=\u00a0\u00bb4_4&Prime; _builder_version=\u00a0\u00bb4.27.2&Prime; _module_preset=\u00a0\u00bbdefault\u00a0\u00bb global_colors_info=\u00a0\u00bb{}\u00a0\u00bb][et_pb_text _builder_version=\u00a0\u00bb4.27.2&Prime; _module_preset=\u00a0\u00bbdefault\u00a0\u00bb global_colors_info=\u00a0\u00bb{}\u00a0\u00bb]<\/p>\n<style id=\"sp_lcp_dynamic_css74\">div#logo-carousel-free-74.logo-carousel-free .sp-lc-logo{border: 0px solid #dddddd;border-radius: 0px;overflow: hidden;}div#logo-carousel-free-74.logo-carousel-free .sp-lc-logo:hover{border-color: #16a08b;}#logo-carousel-free-74.sp-lc-container .sp-lc-pagination .swiper-pagination-bullet {background-color: #dddddd;margin: 0 4px;}#logo-carousel-free-74.sp-lc-container .sp-lc-pagination .swiper-pagination-bullet.swiper-pagination-bullet-active{background-color: #000000; }#logo-carousel-free-74.sp-lc-container .sp-logo-carousel {padding-top: 46px;}#logo-carousel-free-74.sp-lc-container .sp-lc-button-prev,#logo-carousel-free-74.sp-lc-container .sp-lc-button-next {color: #9b9b9b;background: transparent;border: 0px solid #ffffff;line-height: 30px;}#logo-carousel-free-74.sp-lc-container .sp-lc-button-prev:hover,#logo-carousel-free-74.sp-lc-container .sp-lc-button-next:hover{background-color: #000000;color: #ffffff;border-color: #000000;}@media only screen and (max-width: 576px) {} .logo-carousel-free-area#logo-carousel-free-74{position: relative;}#lcp-preloader-74{position: absolute;left: 0;top: 0;height: 100%;width: 100%;text-align: center;display: flex;align-items: center;justify-content: center;background: #fff;z-index: 9999;} .logo-carousel-free-area#logo-carousel-free-74 .sp-logo-carousel-section-title{margin-bottom: 30px;}#logo-carousel-free-74 .sp-lc-grid-container { justify-content: left; align-items: center; } #logo-carousel-free-74 .swiper-wrapper .swiper-slide { align-self: center; }#logo-carousel-free-74 .sp-lc-grid-container {margin-left: -2.5px;margin-right: -2.5px;width: calc( 100% + 5px);}#logo-carousel-free-74 .sp-lc-grid-container [class*=\"lc-col\"] {padding-left: 2.5px;padding-right: 2.5px;padding-bottom: 0px;}@media screen and (min-width: 1200px ){.logo-carousel-free-area#logo-carousel-free-74 .sp-logo-carousel:not([class*=\"-initialized\"]) > .swiper-wrapper {display: flex;width: calc( 100% + 5px );}.logo-carousel-free-area#logo-carousel-free-74 .sp-logo-carousel:not([class*=\"-initialized\"]) > .swiper-wrapper > .swiper-slide {width: 14.285714285714%;padding-right: 5px;}}<\/style>\n<div id='logo-carousel-free-74' class=\"logo-carousel-free logo-carousel-free-area sp-lc-container\">\n\t\t\t<div id=\"lcp-preloader-74\" class=\"sp-logo-carousel-preloader\"><img decoding=\"async\" src=\"https:\/\/ecritsetdialogues.fr\/wp-content\/plugins\/logo-carousel-free\/admin\/assets\/images\/spinner.svg\" class=\"skip-lazy\" alt=\"Loader Image\"\/><\/div>\n\t\t\t<div id=\"sp-logo-carousel-id-74\" class=\"swiper-container sp-logo-carousel  lcp-preloader\" dir=\"ltr\" data-carousel='{ \"speed\":600,\"spaceBetween\": 5, \"autoplay\": true, \"infinite\":true, \"autoplay_speed\": 3000, \"stop_onHover\": true, \"pagination\": true, \"navigation\": true, \"MobileNav\": true, \"MobilePagi\": true, \"simulateTouch\": true,\"freeMode\": false,\"swipeToSlide\": false, \"carousel_accessibility\": true,\"adaptiveHeight\": true,\"allowTouchMove\": true, \"slidesPerView\": { \"lg_desktop\": 7, \"desktop\": 7, \"tablet\": 3, \"mobile\": 1, \"mobile_landscape\": 2 } }' data-carousel-starts-onscreen=\"false\">\n\t\t<div class=\"swiper-wrapper\">\n\t\t\t\t<div class=\"swiper-slide\"><div class=\"sp-lc-logo\"><img loading=\"lazy\" decoding=\"async\" src=\"https:\/\/ecritsetdialogues.fr\/wp-content\/uploads\/2024\/11\/logo_les_vagabonds.png\" title=\"\" alt=\"Association Les Vagabonds\" width=\"90\" height=\"60\" class=\"sp-lc-image\"><\/div><\/div>\n\t\t<div class=\"swiper-slide\"><div class=\"sp-lc-logo\"><img loading=\"lazy\" decoding=\"async\" src=\"https:\/\/ecritsetdialogues.fr\/wp-content\/uploads\/2024\/09\/logo_ass_MD.png\" title=\"\" alt=\"Association Marguerite Duras\" width=\"71\" height=\"60\" class=\"sp-lc-image\"><\/div><\/div>\n\t\t<div class=\"swiper-slide\"><div class=\"sp-lc-logo\"><img loading=\"lazy\" decoding=\"async\" src=\"https:\/\/ecritsetdialogues.fr\/wp-content\/uploads\/2024\/12\/logo_bib_studio.jpg\" title=\"\" alt=\"Biblioth\u00e8que des Cin\u00e9mas Studio\" width=\"82\" height=\"60\" class=\"sp-lc-image\"><\/div><\/div>\n\t\t<div class=\"swiper-slide\"><div class=\"sp-lc-logo\"><img loading=\"lazy\" decoding=\"async\" src=\"https:\/\/ecritsetdialogues.fr\/wp-content\/uploads\/2024\/12\/logo_cnl.jpg\" title=\"\" alt=\"Centre National du Livre\" width=\"129\" height=\"60\" class=\"sp-lc-image\"><\/div><\/div>\n\t\t<div class=\"swiper-slide\"><div class=\"sp-lc-logo\"><img loading=\"lazy\" decoding=\"async\" src=\"https:\/\/ecritsetdialogues.fr\/wp-content\/uploads\/2024\/09\/logo_ciclic.png\" title=\"\" alt=\"Ciclic\" width=\"134\" height=\"60\" class=\"sp-lc-image\"><\/div><\/div>\n\t\t<div class=\"swiper-slide\"><div class=\"sp-lc-logo\"><img loading=\"lazy\" decoding=\"async\" src=\"https:\/\/ecritsetdialogues.fr\/wp-content\/uploads\/2024\/09\/logo-cinemas-studio.png\" title=\"\" alt=\"Cin\u00e9mas Studio\" width=\"84\" height=\"60\" class=\"sp-lc-image\"><\/div><\/div>\n\t\t<div class=\"swiper-slide\"><div class=\"sp-lc-logo\"><img loading=\"lazy\" decoding=\"async\" src=\"https:\/\/ecritsetdialogues.fr\/wp-content\/uploads\/2024\/09\/logo_cinematheque.png\" title=\"\" alt=\"Cin\u00e9math\u00e8que de Tours\" width=\"90\" height=\"60\" class=\"sp-lc-image\"><\/div><\/div>\n\t\t<div class=\"swiper-slide\"><div class=\"sp-lc-logo\"><img loading=\"lazy\" decoding=\"async\" src=\"https:\/\/ecritsetdialogues.fr\/wp-content\/uploads\/2024\/09\/logo_cd37.png\" title=\"\" alt=\"Conseil d\u00e9partemental d&rsquo;Indre-et-Loire\" width=\"84\" height=\"60\" class=\"sp-lc-image\"><\/div><\/div>\n\t\t<div class=\"swiper-slide\"><div class=\"sp-lc-logo\"><img loading=\"lazy\" decoding=\"async\" src=\"https:\/\/ecritsetdialogues.fr\/wp-content\/uploads\/2024\/12\/credit_mutuel.png\" title=\"\" alt=\"Cr\u00e9dit Mutuel\" width=\"170\" height=\"28\" class=\"sp-lc-image\"><\/div><\/div>\n\t\t<div class=\"swiper-slide\"><div class=\"sp-lc-logo\"><img loading=\"lazy\" decoding=\"async\" src=\"https:\/\/ecritsetdialogues.fr\/wp-content\/uploads\/2024\/12\/logo_drac.jpg\" title=\"\" alt=\"Direction R\u00e9gionale des Affaires Culturelles\" width=\"83\" height=\"60\" class=\"sp-lc-image\"><\/div><\/div>\n\t\t<div class=\"swiper-slide\"><div class=\"sp-lc-logo\"><img loading=\"lazy\" decoding=\"async\" src=\"https:\/\/ecritsetdialogues.fr\/wp-content\/uploads\/2024\/11\/logo_le_petit_faucheux-1.png\" title=\"\" alt=\"Le Petit Faucheux\" width=\"106\" height=\"60\" class=\"sp-lc-image\"><\/div><\/div>\n\t\t<div class=\"swiper-slide\"><div class=\"sp-lc-logo\"><img loading=\"lazy\" decoding=\"async\" src=\"https:\/\/ecritsetdialogues.fr\/wp-content\/uploads\/2024\/09\/logo_bal.png\" title=\"\" alt=\"Librairie La Bo\u00eete \u00e0 Livres\" width=\"90\" height=\"60\" class=\"sp-lc-image\"><\/div><\/div>\n\t\t<div class=\"swiper-slide\"><div class=\"sp-lc-logo\"><img loading=\"lazy\" decoding=\"async\" src=\"https:\/\/ecritsetdialogues.fr\/wp-content\/uploads\/2024\/11\/Logo_lycee_descartes.png\" title=\"\" alt=\"Lyc\u00e9e Descartes\" width=\"60\" height=\"60\" class=\"sp-lc-image\"><\/div><\/div>\n\t\t<div class=\"swiper-slide\"><div class=\"sp-lc-logo\"><img loading=\"lazy\" decoding=\"async\" src=\"https:\/\/ecritsetdialogues.fr\/wp-content\/uploads\/2024\/12\/logo_rcvl_1.jpg\" title=\"\" alt=\"R\u00e9gion Centre Val de Loire &#8211; Projet co-financ\u00e9\" width=\"116\" height=\"60\" class=\"sp-lc-image\"><\/div><\/div>\n\t\t<div class=\"swiper-slide\"><div class=\"sp-lc-logo\"><img loading=\"lazy\" decoding=\"async\" src=\"https:\/\/ecritsetdialogues.fr\/wp-content\/uploads\/2024\/11\/logo_tours_cultive.png\" title=\"\" alt=\"Ville de Tours\" width=\"90\" height=\"60\" class=\"sp-lc-image\"><\/div><\/div>\n\t\t\t<\/div>\n\n\t\t\t\t\t<div class=\"sp-lc-pagination swiper-pagination dots\"><\/div>\n\t\t\t\t\t\t<div class=\"sp-lc-button-next\"><i class=\"fa fa-angle-right\"><\/i><\/div>\n\t\t\t<div class=\"sp-lc-button-prev\"><i class=\"fa fa-angle-left\"><\/i><\/div>\n\t\t\t\t<\/div>\n<\/div>\n\n<p>[\/et_pb_text][\/et_pb_column][\/et_pb_row][\/et_pb_section]<\/p>\n","protected":false},"excerpt":{"rendered":"<p>[et_pb_section fb_built=\u00a0\u00bb1&Prime; admin_label=\u00a0\u00bbHeader\u00a0\u00bb _builder_version=\u00a0\u00bb4.20.0&Prime; _module_preset=\u00a0\u00bbdefault\u00a0\u00bb hover_enabled=\u00a0\u00bb0&Prime; collapsed=\u00a0\u00bbon\u00a0\u00bb global_colors_info=\u00a0\u00bb{}\u00a0\u00bb sticky_enabled=\u00a0\u00bb0&Prime;][et_pb_row _builder_version=\u00a0\u00bb4.20.0&Prime; _module_preset=\u00a0\u00bbdefault\u00a0\u00bb global_colors_info=\u00a0\u00bb{}\u00a0\u00bb][et_pb_column type=\u00a0\u00bb4_4&Prime; _builder_version=\u00a0\u00bb4.20.0&Prime; _module_preset=\u00a0\u00bbdefault\u00a0\u00bb global_colors_info=\u00a0\u00bb{}\u00a0\u00bb][et_pb_text _builder_version=\u00a0\u00bb4.20.0&Prime; _module_preset=\u00a0\u00bbddd6132a-57c3-407f-adef-b3dcd016fd56&Prime; global_colors_info=\u00a0\u00bb{}\u00a0\u00bb] MENTIONS L\u00c9GALES [\/et_pb_text][\/et_pb_column][\/et_pb_row][et_pb_row _builder_version=\u00a0\u00bb4.20.0&Prime; _module_preset=\u00a0\u00bbdefault\u00a0\u00bb global_colors_info=\u00a0\u00bb{}\u00a0\u00bb][et_pb_column type=\u00a0\u00bb4_4&Prime; _builder_version=\u00a0\u00bb4.20.0&Prime; _module_preset=\u00a0\u00bbdefault\u00a0\u00bb global_colors_info=\u00a0\u00bb{}\u00a0\u00bb][et_pb_text _builder_version=\u00a0\u00bb4.20.0&Prime; [&hellip;]<\/p>\n","protected":false},"author":1,"featured_media":0,"parent":0,"menu_order":0,"comment_status":"closed","ping_status":"closed","template":"","meta":{"_et_pb_use_builder":"on","_et_pb_old_content":"","_et_gb_content_width":"","footnotes":""},"class_list":["post-258","page","type-page","status-publish","hentry"],"_links":{"self":[{"href":"https:\/\/ecritsetdialogues.fr\/index.php\/wp-json\/wp\/v2\/pages\/258","targetHints":{"allow":["GET"]}}],"collection":[{"href":"https:\/\/ecritsetdialogues.fr\/index.php\/wp-json\/wp\/v2\/pages"}],"about":[{"href":"https:\/\/ecritsetdialogues.fr\/index.php\/wp-json\/wp\/v2\/types\/page"}],"author":[{"embeddable":true,"href":"https:\/\/ecritsetdialogues.fr\/index.php\/wp-json\/wp\/v2\/users\/1"}],"replies":[{"embeddable":true,"href":"https:\/\/ecritsetdialogues.fr\/index.php\/wp-json\/wp\/v2\/comments?post=258"}],"version-history":[{"count":8,"href":"https:\/\/ecritsetdialogues.fr\/index.php\/wp-json\/wp\/v2\/pages\/258\/revisions"}],"predecessor-version":[{"id":793,"href":"https:\/\/ecritsetdialogues.fr\/index.php\/wp-json\/wp\/v2\/pages\/258\/revisions\/793"}],"wp:attachment":[{"href":"https:\/\/ecritsetdialogues.fr\/index.php\/wp-json\/wp\/v2\/media?parent=258"}],"curies":[{"name":"wp","href":"https:\/\/api.w.org\/{rel}","templated":true}]}}