{"id":2,"date":"2024-09-19T15:45:40","date_gmt":"2024-09-19T13:45:40","guid":{"rendered":"http:\/\/ecritsetdialogues.fr\/?page_id=2"},"modified":"2024-12-10T20:42:47","modified_gmt":"2024-12-10T19:42:47","slug":"a-propos","status":"publish","type":"page","link":"https:\/\/ecritsetdialogues.fr\/index.php\/a-propos\/","title":{"rendered":"A propos"},"content":{"rendered":"<p>[et_pb_section fb_built=\u00a0\u00bb1&Prime; admin_label=\u00a0\u00bbHeader\u00a0\u00bb _builder_version=\u00a0\u00bb4.20.0&Prime; _module_preset=\u00a0\u00bbdefault\u00a0\u00bb collapsed=\u00a0\u00bbon\u00a0\u00bb global_colors_info=\u00a0\u00bb{}\u00a0\u00bb][et_pb_row _builder_version=\u00a0\u00bb4.27.0&Prime; _module_preset=\u00a0\u00bbdefault\u00a0\u00bb global_colors_info=\u00a0\u00bb{}\u00a0\u00bb][et_pb_column type=\u00a0\u00bb4_4&Prime; _builder_version=\u00a0\u00bb4.20.0&Prime; _module_preset=\u00a0\u00bbdefault\u00a0\u00bb global_colors_info=\u00a0\u00bb{}\u00a0\u00bb][et_pb_text _builder_version=\u00a0\u00bb4.20.0&Prime; _module_preset=\u00a0\u00bba5700d33-39c7-4343-af53-08dfa6182092&Prime; text_orientation=\u00a0\u00bbcenter\u00a0\u00bb global_colors_info=\u00a0\u00bb{}\u00a0\u00bb]<\/p>\n<h1>L&rsquo;ASSOCIATION<\/h1>\n<p>[\/et_pb_text][\/et_pb_column][\/et_pb_row][et_pb_row custom_padding_last_edited=\u00a0\u00bbon|tablet\u00a0\u00bb _builder_version=\u00a0\u00bb4.20.0&Prime; _module_preset=\u00a0\u00bbdefault\u00a0\u00bb background_color=\u00a0\u00bb#000000&Prime; min_height=\u00a0\u00bb597.4px\u00a0\u00bb custom_margin=\u00a0\u00bb|auto|-3px|auto||\u00a0\u00bb custom_padding=\u00a0\u00bb73px|80px|73px|80px|true|true\u00a0\u00bb custom_padding_tablet=\u00a0\u00bb40px|40px|40px|40px|true|true\u00a0\u00bb custom_padding_phone=\u00a0\u00bb20px|20px|20px|20px|true|true\u00a0\u00bb global_colors_info=\u00a0\u00bb{}\u00a0\u00bb][et_pb_column type=\u00a0\u00bb4_4&Prime; _builder_version=\u00a0\u00bb4.20.0&Prime; _module_preset=\u00a0\u00bbdefault\u00a0\u00bb global_colors_info=\u00a0\u00bb{}\u00a0\u00bb][et_pb_image src=\u00a0\u00bbhttp:\/\/ecritsetdialogues.fr\/wp-content\/uploads\/2024\/09\/logo_E_D_blanc.jpg\u00a0\u00bb title_text=\u00a0\u00bblogo_E_D_blanc\u00a0\u00bb _builder_version=\u00a0\u00bb4.27.0&Prime; _module_preset=\u00a0\u00bbdefault\u00a0\u00bb width=\u00a0\u00bb37%\u00a0\u00bb module_alignment=\u00a0\u00bbcenter\u00a0\u00bb custom_margin=\u00a0\u00bb-67px|||||\u00a0\u00bb global_colors_info=\u00a0\u00bb{}\u00a0\u00bb][\/et_pb_image][et_pb_text _builder_version=\u00a0\u00bb4.27.0&Prime; _module_preset=\u00a0\u00bbe735c3e4-a5df-4ffc-a935-fec46981bb93&Prime; text_text_color=\u00a0\u00bb#FFFFFF\u00a0\u00bb global_colors_info=\u00a0\u00bb{}\u00a0\u00bb]<\/p>\n<p style=\"text-align: justify;\">\u00c0 travers l&rsquo;association <strong>\u00c9crits &amp; Dialogues<\/strong>, nous cultivons une passion commune pour les mots et l&rsquo;art sous toutes ses formes, en tissant des liens entre auteurs et publics. Les \u00e9v\u00e9nements que nous organisons sont une invitation \u00e0 explorer les univers litt\u00e9raires o\u00f9 le cin\u00e9ma, les lectures et les expositions se rencontrent pour une c\u00e9l\u00e9bration de la cr\u00e9ativit\u00e9. Autour des auteurs, nous souhaitons engager des conversations enrichissantes, des \u00e9changes d&rsquo;id\u00e9es et des r\u00e9flexions collectives, rendant hommage \u00e0 la richesse de l&rsquo;\u00e9criture et \u00e0 son pouvoir de transformer nos vies. Joignez-vous \u00e0 nous pour cette aventure culturelle, o\u00f9 chaque rencontre est une occasion de d\u00e9couvrir, de r\u00e9fl\u00e9chir et pourquoi pas de s&rsquo;\u00e9merveiller.<\/p>\n<p>[\/et_pb_text][et_pb_button button_url=\u00a0\u00bbhttps:\/\/ecritsetdialogues.fr\/index.php\/contact\/\u00a0\u00bb url_new_window=\u00a0\u00bbon\u00a0\u00bb button_text=\u00a0\u00bbContactez-nous\u00a0\u00bb button_alignment=\u00a0\u00bbcenter\u00a0\u00bb _builder_version=\u00a0\u00bb4.27.2&Prime; _module_preset=\u00a0\u00bbd0446316-3b35-4311-9e8d-2d27558c7165&Prime; global_colors_info=\u00a0\u00bb{}\u00a0\u00bb][\/et_pb_button][\/et_pb_column][\/et_pb_row][et_pb_row _builder_version=\u00a0\u00bb4.27.2&Prime; _module_preset=\u00a0\u00bbdefault\u00a0\u00bb global_colors_info=\u00a0\u00bb{}\u00a0\u00bb][et_pb_column type=\u00a0\u00bb4_4&Prime; _builder_version=\u00a0\u00bb4.27.2&Prime; _module_preset=\u00a0\u00bbdefault\u00a0\u00bb global_colors_info=\u00a0\u00bb{}\u00a0\u00bb][et_pb_testimonial author=\u00a0\u00bb  Jo\u00ebl Hafkin, initiateur &#038; tr\u00e9sorier de l&rsquo;association \u00c9crits &#038; Dialogues, g\u00e9rant de la librairie La Bo\u00eete \u00e0 Livres\u00a0\u00bb portrait_url=\u00a0\u00bbhttp:\/\/ecritsetdialogues.fr\/wp-content\/uploads\/2024\/10\/avatar.png\u00a0\u00bb _builder_version=\u00a0\u00bb4.27.3&Prime; _module_preset=\u00a0\u00bbdefault\u00a0\u00bb global_colors_info=\u00a0\u00bb{}\u00a0\u00bb]<\/p>\n<p><em>En librairie, les livres sur les rayonnages attendent de raconter leur histoire dont les lecteurs et les lectrices seront les r\u00e9v\u00e9lateurs. \u00c0 vivre dans cet univers de l\u2019\u00e9crit et du lire, l\u2019envie est n\u00e9e d\u2019initier l\u2019instauration d\u2019un dialogue avec les \u0153uvres d\u2019un auteur ou d\u2019une autrice et de proposer films, table ronde, exposition, lectures pour faire entendre au public l\u2019unicit\u00e9 de leur \u00e9criture.<\/em><\/p>\n<p>[\/et_pb_testimonial][\/et_pb_column][\/et_pb_row][et_pb_row _builder_version=\u00a0\u00bb4.27.3&Prime; _module_preset=\u00a0\u00bbdefault\u00a0\u00bb global_colors_info=\u00a0\u00bb{}\u00a0\u00bb][et_pb_column type=\u00a0\u00bb4_4&Prime; _builder_version=\u00a0\u00bb4.27.3&Prime; _module_preset=\u00a0\u00bbdefault\u00a0\u00bb global_colors_info=\u00a0\u00bb{}\u00a0\u00bb][et_pb_button button_url=\u00a0\u00bbhttp:\/\/ecritsetdialogues.fr\/wp-content\/uploads\/2024\/12\/bull_adhesion_formulaire.pdf\u00a0\u00bb button_text=\u00a0\u00bbRejoignez-nous ! T\u00e9l\u00e9chargez le bulletin d&rsquo;adh\u00e9sion \u00e0 l&rsquo;association \u00c9crits &#038; Dialogues.\u00a0\u00bb button_alignment=\u00a0\u00bbcenter\u00a0\u00bb _builder_version=\u00a0\u00bb4.27.3&Prime; _module_preset=\u00a0\u00bbdefault\u00a0\u00bb hover_enabled=\u00a0\u00bb0&Prime; global_colors_info=\u00a0\u00bb{}\u00a0\u00bb url_new_window=\u00a0\u00bbon\u00a0\u00bb sticky_enabled=\u00a0\u00bb0&Prime;][\/et_pb_button][\/et_pb_column][\/et_pb_row][et_pb_row _builder_version=\u00a0\u00bb4.27.0&Prime; _module_preset=\u00a0\u00bbdefault\u00a0\u00bb global_colors_info=\u00a0\u00bb{}\u00a0\u00bb][et_pb_column type=\u00a0\u00bb4_4&Prime; _builder_version=\u00a0\u00bb4.27.0&Prime; _module_preset=\u00a0\u00bbdefault\u00a0\u00bb global_colors_info=\u00a0\u00bb{}\u00a0\u00bb][et_pb_text _builder_version=\u00a0\u00bb4.27.2&Prime; _module_preset=\u00a0\u00bbdefault\u00a0\u00bb global_colors_info=\u00a0\u00bb{}\u00a0\u00bb]<\/p>\n<style id=\"sp_lcp_dynamic_css74\">div#logo-carousel-free-74.logo-carousel-free .sp-lc-logo{border: 0px solid #dddddd;border-radius: 0px;overflow: hidden;}div#logo-carousel-free-74.logo-carousel-free .sp-lc-logo:hover{border-color: #16a08b;}#logo-carousel-free-74.sp-lc-container .sp-lc-pagination .swiper-pagination-bullet {background-color: #dddddd;margin: 0 4px;}#logo-carousel-free-74.sp-lc-container .sp-lc-pagination .swiper-pagination-bullet.swiper-pagination-bullet-active{background-color: #000000; }#logo-carousel-free-74.sp-lc-container .sp-logo-carousel {padding-top: 46px;}#logo-carousel-free-74.sp-lc-container .sp-lc-button-prev,#logo-carousel-free-74.sp-lc-container .sp-lc-button-next {color: #9b9b9b;background: transparent;border: 0px solid #ffffff;line-height: 30px;}#logo-carousel-free-74.sp-lc-container .sp-lc-button-prev:hover,#logo-carousel-free-74.sp-lc-container .sp-lc-button-next:hover{background-color: #000000;color: #ffffff;border-color: #000000;}@media only screen and (max-width: 576px) {} .logo-carousel-free-area#logo-carousel-free-74{position: relative;}#lcp-preloader-74{position: absolute;left: 0;top: 0;height: 100%;width: 100%;text-align: center;display: flex;align-items: center;justify-content: center;background: #fff;z-index: 9999;} .logo-carousel-free-area#logo-carousel-free-74 .sp-logo-carousel-section-title{margin-bottom: 30px;}#logo-carousel-free-74 .sp-lc-grid-container { justify-content: left; align-items: center; } #logo-carousel-free-74 .swiper-wrapper .swiper-slide { align-self: center; }#logo-carousel-free-74 .sp-lc-grid-container {margin-left: -2.5px;margin-right: -2.5px;width: calc( 100% + 5px);}#logo-carousel-free-74 .sp-lc-grid-container [class*=\"lc-col\"] {padding-left: 2.5px;padding-right: 2.5px;padding-bottom: 0px;}@media screen and (min-width: 1200px ){.logo-carousel-free-area#logo-carousel-free-74 .sp-logo-carousel:not([class*=\"-initialized\"]) > .swiper-wrapper {display: flex;width: calc( 100% + 5px );}.logo-carousel-free-area#logo-carousel-free-74 .sp-logo-carousel:not([class*=\"-initialized\"]) > .swiper-wrapper > .swiper-slide {width: 14.285714285714%;padding-right: 5px;}}<\/style>\n<div id='logo-carousel-free-74' class=\"logo-carousel-free logo-carousel-free-area sp-lc-container\">\n\t\t\t<div id=\"lcp-preloader-74\" class=\"sp-logo-carousel-preloader\"><img decoding=\"async\" src=\"https:\/\/ecritsetdialogues.fr\/wp-content\/plugins\/logo-carousel-free\/admin\/assets\/images\/spinner.svg\" class=\"skip-lazy\" alt=\"Loader Image\"\/><\/div>\n\t\t\t<div id=\"sp-logo-carousel-id-74\" class=\"swiper-container sp-logo-carousel  lcp-preloader\" dir=\"ltr\" data-carousel='{ \"speed\":600,\"spaceBetween\": 5, \"autoplay\": true, \"infinite\":true, \"autoplay_speed\": 3000, \"stop_onHover\": true, \"pagination\": true, \"navigation\": true, \"MobileNav\": true, \"MobilePagi\": true, \"simulateTouch\": true,\"freeMode\": false,\"swipeToSlide\": false, \"carousel_accessibility\": true,\"adaptiveHeight\": true,\"allowTouchMove\": true, \"slidesPerView\": { \"lg_desktop\": 7, \"desktop\": 7, \"tablet\": 3, \"mobile\": 1, \"mobile_landscape\": 2 } }' data-carousel-starts-onscreen=\"false\">\n\t\t<div class=\"swiper-wrapper\">\n\t\t\t\t<div class=\"swiper-slide\"><div class=\"sp-lc-logo\"><img loading=\"lazy\" decoding=\"async\" src=\"https:\/\/ecritsetdialogues.fr\/wp-content\/uploads\/2024\/11\/logo_les_vagabonds.png\" title=\"\" alt=\"Association Les Vagabonds\" width=\"90\" height=\"60\" class=\"sp-lc-image\"><\/div><\/div>\n\t\t<div class=\"swiper-slide\"><div class=\"sp-lc-logo\"><img loading=\"lazy\" decoding=\"async\" src=\"https:\/\/ecritsetdialogues.fr\/wp-content\/uploads\/2024\/09\/logo_ass_MD.png\" title=\"\" alt=\"Association Marguerite Duras\" width=\"71\" height=\"60\" class=\"sp-lc-image\"><\/div><\/div>\n\t\t<div class=\"swiper-slide\"><div class=\"sp-lc-logo\"><img loading=\"lazy\" decoding=\"async\" src=\"https:\/\/ecritsetdialogues.fr\/wp-content\/uploads\/2024\/12\/logo_bib_studio.jpg\" title=\"\" alt=\"Biblioth\u00e8que des Cin\u00e9mas Studio\" width=\"82\" height=\"60\" class=\"sp-lc-image\"><\/div><\/div>\n\t\t<div class=\"swiper-slide\"><div class=\"sp-lc-logo\"><img loading=\"lazy\" decoding=\"async\" src=\"https:\/\/ecritsetdialogues.fr\/wp-content\/uploads\/2024\/12\/logo_cnl.jpg\" title=\"\" alt=\"Centre National du Livre\" width=\"129\" height=\"60\" class=\"sp-lc-image\"><\/div><\/div>\n\t\t<div class=\"swiper-slide\"><div class=\"sp-lc-logo\"><img loading=\"lazy\" decoding=\"async\" src=\"https:\/\/ecritsetdialogues.fr\/wp-content\/uploads\/2024\/09\/logo_ciclic.png\" title=\"\" alt=\"Ciclic\" width=\"134\" height=\"60\" class=\"sp-lc-image\"><\/div><\/div>\n\t\t<div class=\"swiper-slide\"><div class=\"sp-lc-logo\"><img loading=\"lazy\" decoding=\"async\" src=\"https:\/\/ecritsetdialogues.fr\/wp-content\/uploads\/2024\/09\/logo-cinemas-studio.png\" title=\"\" alt=\"Cin\u00e9mas Studio\" width=\"84\" height=\"60\" class=\"sp-lc-image\"><\/div><\/div>\n\t\t<div class=\"swiper-slide\"><div class=\"sp-lc-logo\"><img loading=\"lazy\" decoding=\"async\" src=\"https:\/\/ecritsetdialogues.fr\/wp-content\/uploads\/2024\/09\/logo_cinematheque.png\" title=\"\" alt=\"Cin\u00e9math\u00e8que de Tours\" width=\"90\" height=\"60\" class=\"sp-lc-image\"><\/div><\/div>\n\t\t<div class=\"swiper-slide\"><div class=\"sp-lc-logo\"><img loading=\"lazy\" decoding=\"async\" src=\"https:\/\/ecritsetdialogues.fr\/wp-content\/uploads\/2024\/09\/logo_cd37.png\" title=\"\" alt=\"Conseil d\u00e9partemental d&rsquo;Indre-et-Loire\" width=\"84\" height=\"60\" class=\"sp-lc-image\"><\/div><\/div>\n\t\t<div class=\"swiper-slide\"><div class=\"sp-lc-logo\"><img loading=\"lazy\" decoding=\"async\" src=\"https:\/\/ecritsetdialogues.fr\/wp-content\/uploads\/2024\/12\/credit_mutuel.png\" title=\"\" alt=\"Cr\u00e9dit Mutuel\" width=\"170\" height=\"28\" class=\"sp-lc-image\"><\/div><\/div>\n\t\t<div class=\"swiper-slide\"><div class=\"sp-lc-logo\"><img loading=\"lazy\" decoding=\"async\" src=\"https:\/\/ecritsetdialogues.fr\/wp-content\/uploads\/2024\/12\/logo_drac.jpg\" title=\"\" alt=\"Direction R\u00e9gionale des Affaires Culturelles\" width=\"83\" height=\"60\" class=\"sp-lc-image\"><\/div><\/div>\n\t\t<div class=\"swiper-slide\"><div class=\"sp-lc-logo\"><img loading=\"lazy\" decoding=\"async\" src=\"https:\/\/ecritsetdialogues.fr\/wp-content\/uploads\/2024\/11\/logo_le_petit_faucheux-1.png\" title=\"\" alt=\"Le Petit Faucheux\" width=\"106\" height=\"60\" class=\"sp-lc-image\"><\/div><\/div>\n\t\t<div class=\"swiper-slide\"><div class=\"sp-lc-logo\"><img loading=\"lazy\" decoding=\"async\" src=\"https:\/\/ecritsetdialogues.fr\/wp-content\/uploads\/2024\/09\/logo_bal.png\" title=\"\" alt=\"Librairie La Bo\u00eete \u00e0 Livres\" width=\"90\" height=\"60\" class=\"sp-lc-image\"><\/div><\/div>\n\t\t<div class=\"swiper-slide\"><div class=\"sp-lc-logo\"><img loading=\"lazy\" decoding=\"async\" src=\"https:\/\/ecritsetdialogues.fr\/wp-content\/uploads\/2024\/11\/Logo_lycee_descartes.png\" title=\"\" alt=\"Lyc\u00e9e Descartes\" width=\"60\" height=\"60\" class=\"sp-lc-image\"><\/div><\/div>\n\t\t<div class=\"swiper-slide\"><div class=\"sp-lc-logo\"><img loading=\"lazy\" decoding=\"async\" src=\"https:\/\/ecritsetdialogues.fr\/wp-content\/uploads\/2024\/12\/logo_rcvl_1.jpg\" title=\"\" alt=\"R\u00e9gion Centre Val de Loire &#8211; Projet co-financ\u00e9\" width=\"116\" height=\"60\" class=\"sp-lc-image\"><\/div><\/div>\n\t\t<div class=\"swiper-slide\"><div class=\"sp-lc-logo\"><img loading=\"lazy\" decoding=\"async\" src=\"https:\/\/ecritsetdialogues.fr\/wp-content\/uploads\/2024\/11\/logo_tours_cultive.png\" title=\"\" alt=\"Ville de Tours\" width=\"90\" height=\"60\" class=\"sp-lc-image\"><\/div><\/div>\n\t\t\t<\/div>\n\n\t\t\t\t\t<div class=\"sp-lc-pagination swiper-pagination dots\"><\/div>\n\t\t\t\t\t\t<div class=\"sp-lc-button-next\"><i class=\"fa fa-angle-right\"><\/i><\/div>\n\t\t\t<div class=\"sp-lc-button-prev\"><i class=\"fa fa-angle-left\"><\/i><\/div>\n\t\t\t\t<\/div>\n<\/div>\n\n<p>[\/et_pb_text][\/et_pb_column][\/et_pb_row][\/et_pb_section]<\/p>\n","protected":false},"excerpt":{"rendered":"<p>[et_pb_section fb_built=\u00a0\u00bb1&Prime; admin_label=\u00a0\u00bbHeader\u00a0\u00bb _builder_version=\u00a0\u00bb4.20.0&Prime; _module_preset=\u00a0\u00bbdefault\u00a0\u00bb collapsed=\u00a0\u00bbon\u00a0\u00bb global_colors_info=\u00a0\u00bb{}\u00a0\u00bb][et_pb_row _builder_version=\u00a0\u00bb4.27.0&Prime; _module_preset=\u00a0\u00bbdefault\u00a0\u00bb global_colors_info=\u00a0\u00bb{}\u00a0\u00bb][et_pb_column type=\u00a0\u00bb4_4&Prime; _builder_version=\u00a0\u00bb4.20.0&Prime; _module_preset=\u00a0\u00bbdefault\u00a0\u00bb global_colors_info=\u00a0\u00bb{}\u00a0\u00bb][et_pb_text _builder_version=\u00a0\u00bb4.20.0&Prime; _module_preset=\u00a0\u00bba5700d33-39c7-4343-af53-08dfa6182092&Prime; text_orientation=\u00a0\u00bbcenter\u00a0\u00bb global_colors_info=\u00a0\u00bb{}\u00a0\u00bb] L&rsquo;ASSOCIATION [\/et_pb_text][\/et_pb_column][\/et_pb_row][et_pb_row custom_padding_last_edited=\u00a0\u00bbon|tablet\u00a0\u00bb _builder_version=\u00a0\u00bb4.20.0&Prime; _module_preset=\u00a0\u00bbdefault\u00a0\u00bb background_color=\u00a0\u00bb#000000&Prime; min_height=\u00a0\u00bb597.4px\u00a0\u00bb custom_margin=\u00a0\u00bb|auto|-3px|auto||\u00a0\u00bb custom_padding=\u00a0\u00bb73px|80px|73px|80px|true|true\u00a0\u00bb custom_padding_tablet=\u00a0\u00bb40px|40px|40px|40px|true|true\u00a0\u00bb custom_padding_phone=\u00a0\u00bb20px|20px|20px|20px|true|true\u00a0\u00bb global_colors_info=\u00a0\u00bb{}\u00a0\u00bb][et_pb_column [&hellip;]<\/p>\n","protected":false},"author":1,"featured_media":0,"parent":0,"menu_order":0,"comment_status":"closed","ping_status":"closed","template":"","meta":{"_et_pb_use_builder":"on","_et_pb_old_content":"<!-- wp:paragraph -->\n<p>Ceci est une page d\u2019exemple. C\u2019est diff\u00e9rent d\u2019un article de blog parce qu\u2019elle restera au m\u00eame endroit et appara\u00eetra dans la navigation de votre site (dans la plupart des th\u00e8mes). La plupart des gens commencent par une page \u00ab\u00a0\u00c0 propos\u00a0\u00bb qui les pr\u00e9sente aux personnes visitant le site. Cela pourrait ressembler \u00e0 quelque chose comme cela\u00a0:<\/p>\n<!-- \/wp:paragraph -->\n\n<!-- wp:quote -->\n<blockquote class=\"wp-block-quote\"><p>Bonjour\u00a0! Je suis un m\u00e9canicien qui aspire \u00e0 devenir acteur, et voici mon site. J\u2019habite \u00e0 Bordeaux, j\u2019ai un super chien baptis\u00e9 Russell, et j\u2019aime la vodka (ainsi qu\u2019\u00eatre surpris par la pluie soudaine lors de longues balades sur la plage au coucher du soleil).<\/p><\/blockquote>\n<!-- \/wp:quote -->\n\n<!-- wp:paragraph -->\n<p>\u2026ou quelque chose comme cela\u00a0:<\/p>\n<!-- \/wp:paragraph -->\n\n<!-- wp:quote -->\n<blockquote class=\"wp-block-quote\"><p>La soci\u00e9t\u00e9 123 Machin Truc a \u00e9t\u00e9 cr\u00e9\u00e9e en 1971, et n\u2019a cess\u00e9 de proposer au public des machins-trucs de qualit\u00e9 depuis lors. Situ\u00e9e \u00e0 Saint-Remy-en-Bouzemont-Saint-Genest-et-Isson, 123 Machin Truc emploie 2 000 personnes, et fabrique toutes sortes de bidules supers pour la communaut\u00e9 bouzemontoise.<\/p><\/blockquote>\n<!-- \/wp:quote -->\n\n<!-- wp:paragraph -->\n<p>En tant que nouvel utilisateur ou utilisatrice de WordPress, vous devriez vous rendre sur <a href=\"http:\/\/ecritsetdialogues.fr\/wp-admin\/\">votre tableau de bord<\/a> pour supprimer cette page et cr\u00e9er de nouvelles pages pour votre contenu. Amusez-vous bien\u00a0!<\/p>\n<!-- \/wp:paragraph -->","_et_gb_content_width":"","footnotes":""},"class_list":["post-2","page","type-page","status-publish","hentry"],"_links":{"self":[{"href":"https:\/\/ecritsetdialogues.fr\/index.php\/wp-json\/wp\/v2\/pages\/2","targetHints":{"allow":["GET"]}}],"collection":[{"href":"https:\/\/ecritsetdialogues.fr\/index.php\/wp-json\/wp\/v2\/pages"}],"about":[{"href":"https:\/\/ecritsetdialogues.fr\/index.php\/wp-json\/wp\/v2\/types\/page"}],"author":[{"embeddable":true,"href":"https:\/\/ecritsetdialogues.fr\/index.php\/wp-json\/wp\/v2\/users\/1"}],"replies":[{"embeddable":true,"href":"https:\/\/ecritsetdialogues.fr\/index.php\/wp-json\/wp\/v2\/comments?post=2"}],"version-history":[{"count":53,"href":"https:\/\/ecritsetdialogues.fr\/index.php\/wp-json\/wp\/v2\/pages\/2\/revisions"}],"predecessor-version":[{"id":1252,"href":"https:\/\/ecritsetdialogues.fr\/index.php\/wp-json\/wp\/v2\/pages\/2\/revisions\/1252"}],"wp:attachment":[{"href":"https:\/\/ecritsetdialogues.fr\/index.php\/wp-json\/wp\/v2\/media?parent=2"}],"curies":[{"name":"wp","href":"https:\/\/api.w.org\/{rel}","templated":true}]}}